{"id":1172,"date":"2022-10-28T10:14:29","date_gmt":"2022-10-28T08:14:29","guid":{"rendered":"https:\/\/ms-outillage.fr\/?page_id=1172"},"modified":"2022-10-28T10:30:38","modified_gmt":"2022-10-28T08:30:38","slug":"mimatic","status":"publish","type":"page","link":"https:\/\/ms-outillage.fr\/index.php\/mimatic\/","title":{"rendered":"MIMATIC"},"content":{"rendered":"\t\t<div data-elementor-type=\"wp-page\" data-elementor-id=\"1172\" class=\"elementor elementor-1172\">\n\t\t\t\t\t\t\t\t\t<section class=\"elementor-section elementor-top-section elementor-element elementor-element-aeb734a elementor-section-boxed elementor-section-height-default elementor-section-height-default\" data-id=\"aeb734a\" data-element_type=\"section\">\n\t\t\t\t\t\t<div class=\"elementor-container elementor-column-gap-default\">\n\t\t\t\t\t<div class=\"elementor-column elementor-col-100 elementor-top-column elementor-element elementor-element-e355178\" data-id=\"e355178\" data-element_type=\"column\">\n\t\t\t<div class=\"elementor-widget-wrap elementor-element-populated\">\n\t\t\t\t\t\t\t\t<div class=\"elementor-element elementor-element-cb371b2 elementor-widget elementor-widget-image\" data-id=\"cb371b2\" data-element_type=\"widget\" data-widget_type=\"image.default\">\n\t\t\t\t<div class=\"elementor-widget-container\">\n\t\t\t<style>\/*! elementor - v3.6.4 - 13-04-2022 *\/\n.elementor-widget-image{text-align:center}.elementor-widget-image a{display:inline-block}.elementor-widget-image a img[src$=\".svg\"]{width:48px}.elementor-widget-image img{vertical-align:middle;display:inline-block}<\/style>\t\t\t\t\t\t\t\t\t\t\t\t<img width=\"1024\" height=\"333\" src=\"https:\/\/ms-outillage.fr\/wp-content\/uploads\/2022\/10\/Luftaufnahme-1024x333.jpg\" class=\"attachment-large size-large\" alt=\"\" loading=\"lazy\" srcset=\"https:\/\/ms-outillage.fr\/wp-content\/uploads\/2022\/10\/Luftaufnahme-1024x333.jpg 1024w, https:\/\/ms-outillage.fr\/wp-content\/uploads\/2022\/10\/Luftaufnahme-300x98.jpg 300w, https:\/\/ms-outillage.fr\/wp-content\/uploads\/2022\/10\/Luftaufnahme-768x250.jpg 768w, https:\/\/ms-outillage.fr\/wp-content\/uploads\/2022\/10\/Luftaufnahme-1536x500.jpg 1536w, https:\/\/ms-outillage.fr\/wp-content\/uploads\/2022\/10\/Luftaufnahme.jpg 1600w\" sizes=\"100vw\" \/>\t\t\t\t\t\t\t\t\t\t\t\t\t\t\t<\/div>\n\t\t\t\t<\/div>\n\t\t\t\t\t<\/div>\n\t\t<\/div>\n\t\t\t\t\t\t\t<\/div>\n\t\t<\/section>\n\t\t\t\t<section class=\"elementor-section elementor-top-section elementor-element elementor-element-a015167 elementor-section-boxed elementor-section-height-default elementor-section-height-default\" data-id=\"a015167\" data-element_type=\"section\">\n\t\t\t\t\t\t<div class=\"elementor-container elementor-column-gap-default\">\n\t\t\t\t\t<div class=\"elementor-column elementor-col-50 elementor-top-column elementor-element elementor-element-395e976\" data-id=\"395e976\" data-element_type=\"column\">\n\t\t\t<div class=\"elementor-widget-wrap elementor-element-populated\">\n\t\t\t\t\t\t\t\t<div class=\"elementor-element elementor-element-4a1029c elementor-widget elementor-widget-text-editor\" data-id=\"4a1029c\" data-element_type=\"widget\" data-widget_type=\"text-editor.default\">\n\t\t\t\t<div class=\"elementor-widget-container\">\n\t\t\t<style>\/*! elementor - v3.6.4 - 13-04-2022 *\/\n.elementor-widget-text-editor.elementor-drop-cap-view-stacked .elementor-drop-cap{background-color:#818a91;color:#fff}.elementor-widget-text-editor.elementor-drop-cap-view-framed .elementor-drop-cap{color:#818a91;border:3px solid;background-color:transparent}.elementor-widget-text-editor:not(.elementor-drop-cap-view-default) .elementor-drop-cap{margin-top:8px}.elementor-widget-text-editor:not(.elementor-drop-cap-view-default) .elementor-drop-cap-letter{width:1em;height:1em}.elementor-widget-text-editor .elementor-drop-cap{float:left;text-align:center;line-height:1;font-size:50px}.elementor-widget-text-editor .elementor-drop-cap-letter{display:inline-block}<\/style>\t\t\t\t<p>En tant qu\u2019entreprise de taille moyenne avec des activit\u00e9s mondiales, nous d\u00e9veloppons et produisons des outils standard et sp\u00e9ciaux de pr\u00e9cision CNC pour les industries de l\u2019automobile, de la construction m\u00e9canique, de l\u2019a\u00e9ronautique et du travail du bois depuis 1974.<\/p><p><span>La marque mimatic est reconnue dans le monde entier pour son respect des exigences de qualit\u00e9 strictes dans le cadre de solutions syst\u00e8me int\u00e9gr\u00e9es pour le segment de l\u2019usinage.<\/span><sup>\u00ae<\/sup><\/p><p>La philosophie de l\u2019entreprise est bas\u00e9e sur la synergie entre un personnel tr\u00e8s motiv\u00e9 et d\u2019excellentes normes dans les domaines de la technologie et du d\u00e9veloppement de la qualit\u00e9. Ces attributs nous permettent de fournir la solution parfaite \u00e0 chaque exigence sp\u00e9cifique du client.<\/p><p>Nos propres objectifs de qualit\u00e9 sont atteints par l\u2019utilisation exclusive de technologies de pointe, de CFAO et de logistique informatis\u00e9e.<\/p>\t\t\t\t\t\t<\/div>\n\t\t\t\t<\/div>\n\t\t\t\t\t<\/div>\n\t\t<\/div>\n\t\t\t\t<div class=\"elementor-column elementor-col-50 elementor-top-column elementor-element elementor-element-a41aae7\" data-id=\"a41aae7\" data-element_type=\"column\">\n\t\t\t<div class=\"elementor-widget-wrap elementor-element-populated\">\n\t\t\t\t\t\t\t\t<div class=\"elementor-element elementor-element-a5a0079 elementor-widget elementor-widget-text-editor\" data-id=\"a5a0079\" data-element_type=\"widget\" data-widget_type=\"text-editor.default\">\n\t\t\t\t<div class=\"elementor-widget-container\">\n\t\t\t\t\t\t\t<h3><span>Produits de mimatic Tool System<\/span><sup>\u00ae<\/sup><\/h3><ul><li>Porte-outils entra\u00een\u00e9s pour tours CNC et centres d\u2019usinage<\/li><li>Outils de coupe<\/li><li>Syst\u00e8mes de serrage<\/li><\/ul><p>Nos syst\u00e8mes de qualit\u00e9 sont approuv\u00e9s depuis 1998 et nous sommes certifi\u00e9s DIN EN ISO 9001:2000.<\/p><p>Le savoir-faire de nos 140 collaborateurs dans le monde est \u00e0 votre disposition \u00e0 tout moment sur place.<br \/>Il y a de nombreuses ann\u00e9es, nous avons commenc\u00e9 \u00e0 nous sp\u00e9cialiser dans la production de porte-outils entra\u00een\u00e9s pour le traitement des m\u00e9taux. Ceux-ci sont install\u00e9s sur des tours CNC.<\/p><p>Nos produits sont utilis\u00e9s pour la fabrication en grand volume et facilitent le traitement complet sans serrage multiple de pi\u00e8ces complexes.<\/p><p>Nos produits contribuent \u00e0 l\u2019am\u00e9lioration constante des processus de production de nos clients gr\u00e2ce \u00e0 l\u2019utilisation de la technologie la plus moderne alli\u00e9e aux plus hauts niveaux de qualit\u00e9<\/p>\t\t\t\t\t\t<\/div>\n\t\t\t\t<\/div>\n\t\t\t\t\t<\/div>\n\t\t<\/div>\n\t\t\t\t\t\t\t<\/div>\n\t\t<\/section>\n\t\t\t\t\t\t\t<\/div>\n\t\t","protected":false},"excerpt":{"rendered":"<p>En tant qu\u2019entreprise de taille moyenne avec des activit\u00e9s mondiales, nous d\u00e9veloppons et produisons des outils standard et sp\u00e9ciaux de &hellip; <a href=\"https:\/\/ms-outillage.fr\/index.php\/mimatic\/\" class=\"more-link\"><span class=\"more-button\">Continue reading &gt;<span class=\"screen-reader-text\">MIMATIC<\/span><\/span><\/a><\/p>\n","protected":false},"author":3,"featured_media":0,"parent":0,"menu_order":0,"comment_status":"closed","ping_status":"closed","template":"","meta":{"_mi_skip_tracking":false,"_monsterinsights_sitenote_active":false,"_monsterinsights_sitenote_note":"","_monsterinsights_sitenote_category":0},"aioseo_notices":[],"yoast_head":"<!-- This site is optimized with the Yoast SEO plugin v19.4 - https:\/\/yoast.com\/wordpress\/plugins\/seo\/ -->\n<title>MIMATIC - MS OUTILLAGE<\/title>\n<meta name=\"robots\" content=\"index, follow, max-snippet:-1, max-image-preview:large, max-video-preview:-1\" \/>\n<link rel=\"canonical\" href=\"https:\/\/ms-outillage.fr\/index.php\/mimatic\/\" \/>\n<meta property=\"og:locale\" content=\"en_US\" \/>\n<meta property=\"og:type\" content=\"article\" \/>\n<meta property=\"og:title\" content=\"MIMATIC - MS OUTILLAGE\" \/>\n<meta property=\"og:description\" content=\"En tant qu\u2019entreprise de taille moyenne avec des activit\u00e9s mondiales, nous d\u00e9veloppons et produisons des outils standard et sp\u00e9ciaux de &hellip; Continue reading &gt;MIMATIC\" \/>\n<meta property=\"og:url\" content=\"https:\/\/ms-outillage.fr\/index.php\/mimatic\/\" \/>\n<meta property=\"og:site_name\" content=\"MS OUTILLAGE\" \/>\n<meta property=\"article:modified_time\" content=\"2022-10-28T08:30:38+00:00\" \/>\n<meta property=\"og:image\" content=\"https:\/\/ms-outillage.fr\/wp-content\/uploads\/2022\/10\/Luftaufnahme-1024x333.jpg\" \/>\n<meta name=\"twitter:card\" content=\"summary_large_image\" \/>\n<meta name=\"twitter:label1\" content=\"Est. reading time\" \/>\n\t<meta name=\"twitter:data1\" content=\"2 minutes\" \/>\n<script type=\"application\/ld+json\" class=\"yoast-schema-graph\">{\"@context\":\"https:\/\/schema.org\",\"@graph\":[{\"@type\":\"Organization\",\"@id\":\"https:\/\/ms-outillage.fr\/#organization\",\"name\":\"MS OUTILLAGE\",\"url\":\"https:\/\/ms-outillage.fr\/\",\"sameAs\":[],\"logo\":{\"@type\":\"ImageObject\",\"inLanguage\":\"en-US\",\"@id\":\"https:\/\/ms-outillage.fr\/#\/schema\/logo\/image\/\",\"url\":\"https:\/\/ms-outillage.fr\/wp-content\/uploads\/2021\/07\/cropped-MSO-logo-black-1-scaled-1.jpg\",\"contentUrl\":\"https:\/\/ms-outillage.fr\/wp-content\/uploads\/2021\/07\/cropped-MSO-logo-black-1-scaled-1.jpg\",\"width\":512,\"height\":512,\"caption\":\"MS OUTILLAGE\"},\"image\":{\"@id\":\"https:\/\/ms-outillage.fr\/#\/schema\/logo\/image\/\"}},{\"@type\":\"WebSite\",\"@id\":\"https:\/\/ms-outillage.fr\/#website\",\"url\":\"https:\/\/ms-outillage.fr\/\",\"name\":\"MS OUTILLAGE\",\"description\":\"L&#039;usinage sous toutes ses formes\",\"publisher\":{\"@id\":\"https:\/\/ms-outillage.fr\/#organization\"},\"potentialAction\":[{\"@type\":\"SearchAction\",\"target\":{\"@type\":\"EntryPoint\",\"urlTemplate\":\"https:\/\/ms-outillage.fr\/?s={search_term_string}\"},\"query-input\":\"required name=search_term_string\"}],\"inLanguage\":\"en-US\"},{\"@type\":\"WebPage\",\"@id\":\"https:\/\/ms-outillage.fr\/index.php\/mimatic\/\",\"url\":\"https:\/\/ms-outillage.fr\/index.php\/mimatic\/\",\"name\":\"MIMATIC - MS OUTILLAGE\",\"isPartOf\":{\"@id\":\"https:\/\/ms-outillage.fr\/#website\"},\"datePublished\":\"2022-10-28T08:14:29+00:00\",\"dateModified\":\"2022-10-28T08:30:38+00:00\",\"breadcrumb\":{\"@id\":\"https:\/\/ms-outillage.fr\/index.php\/mimatic\/#breadcrumb\"},\"inLanguage\":\"en-US\",\"potentialAction\":[{\"@type\":\"ReadAction\",\"target\":[\"https:\/\/ms-outillage.fr\/index.php\/mimatic\/\"]}]},{\"@type\":\"BreadcrumbList\",\"@id\":\"https:\/\/ms-outillage.fr\/index.php\/mimatic\/#breadcrumb\",\"itemListElement\":[{\"@type\":\"ListItem\",\"position\":1,\"name\":\"Accueil\",\"item\":\"https:\/\/ms-outillage.fr\/\"},{\"@type\":\"ListItem\",\"position\":2,\"name\":\"MIMATIC\"}]}]}<\/script>\n<!-- \/ Yoast SEO plugin. -->","yoast_head_json":{"title":"MIMATIC - MS OUTILLAGE","robots":{"index":"index","follow":"follow","max-snippet":"max-snippet:-1","max-image-preview":"max-image-preview:large","max-video-preview":"max-video-preview:-1"},"canonical":"https:\/\/ms-outillage.fr\/index.php\/mimatic\/","og_locale":"en_US","og_type":"article","og_title":"MIMATIC - MS OUTILLAGE","og_description":"En tant qu\u2019entreprise de taille moyenne avec des activit\u00e9s mondiales, nous d\u00e9veloppons et produisons des outils standard et sp\u00e9ciaux de &hellip; Continue reading &gt;MIMATIC","og_url":"https:\/\/ms-outillage.fr\/index.php\/mimatic\/","og_site_name":"MS OUTILLAGE","article_modified_time":"2022-10-28T08:30:38+00:00","og_image":[{"url":"https:\/\/ms-outillage.fr\/wp-content\/uploads\/2022\/10\/Luftaufnahme-1024x333.jpg"}],"twitter_card":"summary_large_image","twitter_misc":{"Est. reading time":"2 minutes"},"schema":{"@context":"https:\/\/schema.org","@graph":[{"@type":"Organization","@id":"https:\/\/ms-outillage.fr\/#organization","name":"MS OUTILLAGE","url":"https:\/\/ms-outillage.fr\/","sameAs":[],"logo":{"@type":"ImageObject","inLanguage":"en-US","@id":"https:\/\/ms-outillage.fr\/#\/schema\/logo\/image\/","url":"https:\/\/ms-outillage.fr\/wp-content\/uploads\/2021\/07\/cropped-MSO-logo-black-1-scaled-1.jpg","contentUrl":"https:\/\/ms-outillage.fr\/wp-content\/uploads\/2021\/07\/cropped-MSO-logo-black-1-scaled-1.jpg","width":512,"height":512,"caption":"MS OUTILLAGE"},"image":{"@id":"https:\/\/ms-outillage.fr\/#\/schema\/logo\/image\/"}},{"@type":"WebSite","@id":"https:\/\/ms-outillage.fr\/#website","url":"https:\/\/ms-outillage.fr\/","name":"MS OUTILLAGE","description":"L&#039;usinage sous toutes ses formes","publisher":{"@id":"https:\/\/ms-outillage.fr\/#organization"},"potentialAction":[{"@type":"SearchAction","target":{"@type":"EntryPoint","urlTemplate":"https:\/\/ms-outillage.fr\/?s={search_term_string}"},"query-input":"required name=search_term_string"}],"inLanguage":"en-US"},{"@type":"WebPage","@id":"https:\/\/ms-outillage.fr\/index.php\/mimatic\/","url":"https:\/\/ms-outillage.fr\/index.php\/mimatic\/","name":"MIMATIC - MS OUTILLAGE","isPartOf":{"@id":"https:\/\/ms-outillage.fr\/#website"},"datePublished":"2022-10-28T08:14:29+00:00","dateModified":"2022-10-28T08:30:38+00:00","breadcrumb":{"@id":"https:\/\/ms-outillage.fr\/index.php\/mimatic\/#breadcrumb"},"inLanguage":"en-US","potentialAction":[{"@type":"ReadAction","target":["https:\/\/ms-outillage.fr\/index.php\/mimatic\/"]}]},{"@type":"BreadcrumbList","@id":"https:\/\/ms-outillage.fr\/index.php\/mimatic\/#breadcrumb","itemListElement":[{"@type":"ListItem","position":1,"name":"Accueil","item":"https:\/\/ms-outillage.fr\/"},{"@type":"ListItem","position":2,"name":"MIMATIC"}]}]}},"_links":{"self":[{"href":"https:\/\/ms-outillage.fr\/index.php\/wp-json\/wp\/v2\/pages\/1172"}],"collection":[{"href":"https:\/\/ms-outillage.fr\/index.php\/wp-json\/wp\/v2\/pages"}],"about":[{"href":"https:\/\/ms-outillage.fr\/index.php\/wp-json\/wp\/v2\/types\/page"}],"author":[{"embeddable":true,"href":"https:\/\/ms-outillage.fr\/index.php\/wp-json\/wp\/v2\/users\/3"}],"replies":[{"embeddable":true,"href":"https:\/\/ms-outillage.fr\/index.php\/wp-json\/wp\/v2\/comments?post=1172"}],"version-history":[{"count":4,"href":"https:\/\/ms-outillage.fr\/index.php\/wp-json\/wp\/v2\/pages\/1172\/revisions"}],"predecessor-version":[{"id":1185,"href":"https:\/\/ms-outillage.fr\/index.php\/wp-json\/wp\/v2\/pages\/1172\/revisions\/1185"}],"wp:attachment":[{"href":"https:\/\/ms-outillage.fr\/index.php\/wp-json\/wp\/v2\/media?parent=1172"}],"curies":[{"name":"wp","href":"https:\/\/api.w.org\/{rel}","templated":true}]}}