{"id":715,"date":"2022-07-15T09:23:12","date_gmt":"2022-07-15T07:23:12","guid":{"rendered":"https:\/\/ms-outillage.fr\/?page_id=715"},"modified":"2023-03-14T16:02:01","modified_gmt":"2023-03-14T15:02:01","slug":"sau","status":"publish","type":"page","link":"https:\/\/ms-outillage.fr\/index.php\/sau\/","title":{"rendered":"SAU"},"content":{"rendered":"\t\t<div data-elementor-type=\"wp-page\" data-elementor-id=\"715\" class=\"elementor elementor-715\">\n\t\t\t\t\t\t\t\t\t<section class=\"elementor-section elementor-top-section elementor-element elementor-element-c3aebe3 elementor-section-boxed elementor-section-height-default elementor-section-height-default\" data-id=\"c3aebe3\" data-element_type=\"section\">\n\t\t\t\t\t\t<div class=\"elementor-container elementor-column-gap-default\">\n\t\t\t\t\t<div class=\"elementor-column elementor-col-16 elementor-top-column elementor-element elementor-element-9c42f5f\" data-id=\"9c42f5f\" data-element_type=\"column\">\n\t\t\t<div class=\"elementor-widget-wrap elementor-element-populated\">\n\t\t\t\t\t\t\t\t<div class=\"elementor-element elementor-element-fd2be3f elementor-widget elementor-widget-button\" data-id=\"fd2be3f\" data-element_type=\"widget\" data-widget_type=\"button.default\">\n\t\t\t\t<div class=\"elementor-widget-container\">\n\t\t\t\t\t<div class=\"elementor-button-wrapper\">\n\t\t\t<a href=\"https:\/\/ms-outillage.fr\/index.php\/alesoirs\/\" class=\"elementor-button-link elementor-button elementor-size-sm\" role=\"button\">\n\t\t\t\t\t\t<span class=\"elementor-button-content-wrapper\">\n\t\t\t\t\t\t<span class=\"elementor-button-text\">ALESOIRS<\/span>\n\t\t<\/span>\n\t\t\t\t\t<\/a>\n\t\t<\/div>\n\t\t\t\t<\/div>\n\t\t\t\t<\/div>\n\t\t\t\t\t<\/div>\n\t\t<\/div>\n\t\t\t\t<div class=\"elementor-column elementor-col-16 elementor-top-column elementor-element elementor-element-ac93c5e\" data-id=\"ac93c5e\" data-element_type=\"column\">\n\t\t\t<div class=\"elementor-widget-wrap elementor-element-populated\">\n\t\t\t\t\t\t\t\t<div class=\"elementor-element elementor-element-6fd57a7 elementor-widget elementor-widget-button\" data-id=\"6fd57a7\" data-element_type=\"widget\" data-widget_type=\"button.default\">\n\t\t\t\t<div class=\"elementor-widget-container\">\n\t\t\t\t\t<div class=\"elementor-button-wrapper\">\n\t\t\t<a href=\"https:\/\/ms-outillage.fr\/index.php\/brochage\/\" class=\"elementor-button-link elementor-button elementor-size-sm\" role=\"button\">\n\t\t\t\t\t\t<span class=\"elementor-button-content-wrapper\">\n\t\t\t\t\t\t<span class=\"elementor-button-text\">BROCHAGE<\/span>\n\t\t<\/span>\n\t\t\t\t\t<\/a>\n\t\t<\/div>\n\t\t\t\t<\/div>\n\t\t\t\t<\/div>\n\t\t\t\t\t<\/div>\n\t\t<\/div>\n\t\t\t\t<div class=\"elementor-column elementor-col-16 elementor-top-column elementor-element elementor-element-104e8c4\" data-id=\"104e8c4\" data-element_type=\"column\">\n\t\t\t<div class=\"elementor-widget-wrap elementor-element-populated\">\n\t\t\t\t\t\t\t\t<div class=\"elementor-element elementor-element-0d8f459 elementor-widget elementor-widget-button\" data-id=\"0d8f459\" data-element_type=\"widget\" data-widget_type=\"button.default\">\n\t\t\t\t<div class=\"elementor-widget-container\">\n\t\t\t\t\t<div class=\"elementor-button-wrapper\">\n\t\t\t<a href=\"https:\/\/ms-outillage.fr\/index.php\/dinaplus-3\/\" class=\"elementor-button-link elementor-button elementor-size-sm\" role=\"button\">\n\t\t\t\t\t\t<span class=\"elementor-button-content-wrapper\">\n\t\t\t\t\t\t<span class=\"elementor-button-text\">DINAPLUS<\/span>\n\t\t<\/span>\n\t\t\t\t\t<\/a>\n\t\t<\/div>\n\t\t\t\t<\/div>\n\t\t\t\t<\/div>\n\t\t\t\t\t<\/div>\n\t\t<\/div>\n\t\t\t\t<div class=\"elementor-column elementor-col-16 elementor-top-column elementor-element elementor-element-c05570f\" data-id=\"c05570f\" data-element_type=\"column\">\n\t\t\t<div class=\"elementor-widget-wrap elementor-element-populated\">\n\t\t\t\t\t\t\t\t<div class=\"elementor-element elementor-element-a5135e5 elementor-widget elementor-widget-button\" data-id=\"a5135e5\" data-element_type=\"widget\" data-widget_type=\"button.default\">\n\t\t\t\t<div class=\"elementor-widget-container\">\n\t\t\t\t\t<div class=\"elementor-button-wrapper\">\n\t\t\t<a href=\"https:\/\/ms-outillage.fr\/index.php\/fraises\/\" class=\"elementor-button-link elementor-button elementor-size-sm\" role=\"button\">\n\t\t\t\t\t\t<span class=\"elementor-button-content-wrapper\">\n\t\t\t\t\t\t<span class=\"elementor-button-text\">FRAISES<\/span>\n\t\t<\/span>\n\t\t\t\t\t<\/a>\n\t\t<\/div>\n\t\t\t\t<\/div>\n\t\t\t\t<\/div>\n\t\t\t\t\t<\/div>\n\t\t<\/div>\n\t\t\t\t<div class=\"elementor-column elementor-col-16 elementor-top-column elementor-element elementor-element-b19d98c\" data-id=\"b19d98c\" data-element_type=\"column\">\n\t\t\t<div class=\"elementor-widget-wrap elementor-element-populated\">\n\t\t\t\t\t\t\t\t<div class=\"elementor-element elementor-element-069740b elementor-widget elementor-widget-button\" data-id=\"069740b\" data-element_type=\"widget\" data-widget_type=\"button.default\">\n\t\t\t\t<div class=\"elementor-widget-container\">\n\t\t\t\t\t<div class=\"elementor-button-wrapper\">\n\t\t\t<a href=\"https:\/\/ms-outillage.fr\/index.php\/porte-outils-iso-26623-1-capto\/\" class=\"elementor-button-link elementor-button elementor-size-sm\" role=\"button\">\n\t\t\t\t\t\t<span class=\"elementor-button-content-wrapper\">\n\t\t\t\t\t\t<span class=\"elementor-button-text\">PORTE OUTILS<\/span>\n\t\t<\/span>\n\t\t\t\t\t<\/a>\n\t\t<\/div>\n\t\t\t\t<\/div>\n\t\t\t\t<\/div>\n\t\t\t\t\t<\/div>\n\t\t<\/div>\n\t\t\t\t<div class=\"elementor-column elementor-col-16 elementor-top-column elementor-element elementor-element-7fd2f41\" data-id=\"7fd2f41\" data-element_type=\"column\">\n\t\t\t<div class=\"elementor-widget-wrap elementor-element-populated\">\n\t\t\t\t\t\t\t\t<div class=\"elementor-element elementor-element-785a9ad elementor-widget elementor-widget-button\" data-id=\"785a9ad\" data-element_type=\"widget\" data-widget_type=\"button.default\">\n\t\t\t\t<div class=\"elementor-widget-container\">\n\t\t\t\t\t<div class=\"elementor-button-wrapper\">\n\t\t\t<a href=\"https:\/\/ms-outillage.fr\/index.php\/multi-tool\/\" class=\"elementor-button-link elementor-button elementor-size-sm\" role=\"button\">\n\t\t\t\t\t\t<span class=\"elementor-button-content-wrapper\">\n\t\t\t\t\t\t<span class=\"elementor-button-text\">MULTI TOOL<\/span>\n\t\t<\/span>\n\t\t\t\t\t<\/a>\n\t\t<\/div>\n\t\t\t\t<\/div>\n\t\t\t\t<\/div>\n\t\t\t\t\t<\/div>\n\t\t<\/div>\n\t\t\t\t\t\t\t<\/div>\n\t\t<\/section>\n\t\t\t\t<section class=\"elementor-section elementor-top-section elementor-element elementor-element-23de9c9 elementor-section-boxed elementor-section-height-default elementor-section-height-default\" data-id=\"23de9c9\" data-element_type=\"section\">\n\t\t\t\t\t\t<div class=\"elementor-container elementor-column-gap-default\">\n\t\t\t\t\t<div class=\"elementor-column elementor-col-16 elementor-top-column elementor-element elementor-element-f24e3b5\" data-id=\"f24e3b5\" data-element_type=\"column\">\n\t\t\t<div class=\"elementor-widget-wrap\">\n\t\t\t\t\t\t\t\t\t<\/div>\n\t\t<\/div>\n\t\t\t\t<div class=\"elementor-column elementor-col-16 elementor-top-column elementor-element elementor-element-4916513\" data-id=\"4916513\" data-element_type=\"column\">\n\t\t\t<div class=\"elementor-widget-wrap\">\n\t\t\t\t\t\t\t\t\t<\/div>\n\t\t<\/div>\n\t\t\t\t<div class=\"elementor-column elementor-col-16 elementor-top-column elementor-element elementor-element-b44e841\" data-id=\"b44e841\" data-element_type=\"column\">\n\t\t\t<div class=\"elementor-widget-wrap\">\n\t\t\t\t\t\t\t\t\t<\/div>\n\t\t<\/div>\n\t\t\t\t<div class=\"elementor-column elementor-col-16 elementor-top-column elementor-element elementor-element-45423d7\" data-id=\"45423d7\" data-element_type=\"column\">\n\t\t\t<div class=\"elementor-widget-wrap\">\n\t\t\t\t\t\t\t\t\t<\/div>\n\t\t<\/div>\n\t\t\t\t<div class=\"elementor-column elementor-col-16 elementor-top-column elementor-element elementor-element-71c01d0\" data-id=\"71c01d0\" data-element_type=\"column\">\n\t\t\t<div class=\"elementor-widget-wrap elementor-element-populated\">\n\t\t\t\t\t\t\t\t<div class=\"elementor-element elementor-element-53d3571 elementor-widget elementor-widget-button\" data-id=\"53d3571\" data-element_type=\"widget\" data-widget_type=\"button.default\">\n\t\t\t\t<div class=\"elementor-widget-container\">\n\t\t\t\t\t<div class=\"elementor-button-wrapper\">\n\t\t\t<a href=\"https:\/\/ms-outillage.fr\/index.php\/porte-outils-tournage\/\" class=\"elementor-button-link elementor-button elementor-size-sm\" role=\"button\">\n\t\t\t\t\t\t<span class=\"elementor-button-content-wrapper\">\n\t\t\t\t\t\t<span class=\"elementor-button-text\">PORTE-OUTILS TOURNAGE<\/span>\n\t\t<\/span>\n\t\t\t\t\t<\/a>\n\t\t<\/div>\n\t\t\t\t<\/div>\n\t\t\t\t<\/div>\n\t\t\t\t\t<\/div>\n\t\t<\/div>\n\t\t\t\t<div class=\"elementor-column elementor-col-16 elementor-top-column elementor-element elementor-element-79bab89\" data-id=\"79bab89\" data-element_type=\"column\">\n\t\t\t<div class=\"elementor-widget-wrap elementor-element-populated\">\n\t\t\t\t\t\t\t\t<div class=\"elementor-element elementor-element-36a6b43 elementor-widget elementor-widget-button\" data-id=\"36a6b43\" data-element_type=\"widget\" data-widget_type=\"button.default\">\n\t\t\t\t<div class=\"elementor-widget-container\">\n\t\t\t\t\t<div class=\"elementor-button-wrapper\">\n\t\t\t<a href=\"https:\/\/ms-outillage.fr\/index.php\/minitool\/\" class=\"elementor-button-link elementor-button elementor-size-sm\" role=\"button\">\n\t\t\t\t\t\t<span class=\"elementor-button-content-wrapper\">\n\t\t\t\t\t\t<span class=\"elementor-button-text\">MINI TOOL<\/span>\n\t\t<\/span>\n\t\t\t\t\t<\/a>\n\t\t<\/div>\n\t\t\t\t<\/div>\n\t\t\t\t<\/div>\n\t\t\t\t\t<\/div>\n\t\t<\/div>\n\t\t\t\t\t\t\t<\/div>\n\t\t<\/section>\n\t\t\t\t<section class=\"elementor-section elementor-top-section elementor-element elementor-element-06ad4d4 elementor-section-boxed elementor-section-height-default elementor-section-height-default\" data-id=\"06ad4d4\" data-element_type=\"section\">\n\t\t\t\t\t\t<div class=\"elementor-container elementor-column-gap-default\">\n\t\t\t\t\t<div class=\"elementor-column elementor-col-50 elementor-top-column elementor-element elementor-element-7121de8\" data-id=\"7121de8\" data-element_type=\"column\">\n\t\t\t<div class=\"elementor-widget-wrap elementor-element-populated\">\n\t\t\t\t\t\t\t\t<div class=\"elementor-element elementor-element-f91c696 elementor-widget elementor-widget-image\" data-id=\"f91c696\" data-element_type=\"widget\" data-widget_type=\"image.default\">\n\t\t\t\t<div class=\"elementor-widget-container\">\n\t\t\t<style>\/*! elementor - v3.6.4 - 13-04-2022 *\/\n.elementor-widget-image{text-align:center}.elementor-widget-image a{display:inline-block}.elementor-widget-image a img[src$=\".svg\"]{width:48px}.elementor-widget-image img{vertical-align:middle;display:inline-block}<\/style>\t\t\t\t\t\t\t\t\t\t\t\t<img width=\"1024\" height=\"685\" src=\"https:\/\/ms-outillage.fr\/wp-content\/uploads\/2022\/07\/Sau-Modena-Gallery-4-1030x689-1-1024x685.jpg\" class=\"attachment-large size-large\" alt=\"\" loading=\"lazy\" srcset=\"https:\/\/ms-outillage.fr\/wp-content\/uploads\/2022\/07\/Sau-Modena-Gallery-4-1030x689-1-1024x685.jpg 1024w, https:\/\/ms-outillage.fr\/wp-content\/uploads\/2022\/07\/Sau-Modena-Gallery-4-1030x689-1-300x201.jpg 300w, https:\/\/ms-outillage.fr\/wp-content\/uploads\/2022\/07\/Sau-Modena-Gallery-4-1030x689-1-768x514.jpg 768w, https:\/\/ms-outillage.fr\/wp-content\/uploads\/2022\/07\/Sau-Modena-Gallery-4-1030x689-1.jpg 1030w\" sizes=\"100vw\" \/>\t\t\t\t\t\t\t\t\t\t\t\t\t\t\t<\/div>\n\t\t\t\t<\/div>\n\t\t\t\t\t<\/div>\n\t\t<\/div>\n\t\t\t\t<div class=\"elementor-column elementor-col-50 elementor-top-column elementor-element elementor-element-28ae9ab\" data-id=\"28ae9ab\" data-element_type=\"column\">\n\t\t\t<div class=\"elementor-widget-wrap elementor-element-populated\">\n\t\t\t\t\t\t\t\t<div class=\"elementor-element elementor-element-39a4bd7 elementor-widget elementor-widget-image\" data-id=\"39a4bd7\" data-element_type=\"widget\" data-widget_type=\"image.default\">\n\t\t\t\t<div class=\"elementor-widget-container\">\n\t\t\t\t\t\t\t\t\t\t\t\t\t\t\t<img width=\"450\" height=\"450\" src=\"https:\/\/ms-outillage.fr\/wp-content\/uploads\/2022\/07\/sau.png\" class=\"attachment-large size-large\" alt=\"\" loading=\"lazy\" srcset=\"https:\/\/ms-outillage.fr\/wp-content\/uploads\/2022\/07\/sau.png 450w, https:\/\/ms-outillage.fr\/wp-content\/uploads\/2022\/07\/sau-300x300.png 300w, https:\/\/ms-outillage.fr\/wp-content\/uploads\/2022\/07\/sau-150x150.png 150w\" sizes=\"100vw\" \/>\t\t\t\t\t\t\t\t\t\t\t\t\t\t\t<\/div>\n\t\t\t\t<\/div>\n\t\t\t\t\t<\/div>\n\t\t<\/div>\n\t\t\t\t\t\t\t<\/div>\n\t\t<\/section>\n\t\t\t\t<section class=\"elementor-section elementor-top-section elementor-element elementor-element-f5f5c60 elementor-section-boxed elementor-section-height-default elementor-section-height-default\" data-id=\"f5f5c60\" data-element_type=\"section\">\n\t\t\t\t\t\t<div class=\"elementor-container elementor-column-gap-default\">\n\t\t\t\t\t<div class=\"elementor-column elementor-col-100 elementor-top-column elementor-element elementor-element-cc5b788\" data-id=\"cc5b788\" data-element_type=\"column\">\n\t\t\t<div class=\"elementor-widget-wrap elementor-element-populated\">\n\t\t\t\t\t\t\t\t<div class=\"elementor-element elementor-element-65c5bd5 elementor-widget elementor-widget-text-editor\" data-id=\"65c5bd5\" data-element_type=\"widget\" data-widget_type=\"text-editor.default\">\n\t\t\t\t<div class=\"elementor-widget-container\">\n\t\t\t<style>\/*! elementor - v3.6.4 - 13-04-2022 *\/\n.elementor-widget-text-editor.elementor-drop-cap-view-stacked .elementor-drop-cap{background-color:#818a91;color:#fff}.elementor-widget-text-editor.elementor-drop-cap-view-framed .elementor-drop-cap{color:#818a91;border:3px solid;background-color:transparent}.elementor-widget-text-editor:not(.elementor-drop-cap-view-default) .elementor-drop-cap{margin-top:8px}.elementor-widget-text-editor:not(.elementor-drop-cap-view-default) .elementor-drop-cap-letter{width:1em;height:1em}.elementor-widget-text-editor .elementor-drop-cap{float:left;text-align:center;line-height:1;font-size:50px}.elementor-widget-text-editor .elementor-drop-cap-letter{display:inline-block}<\/style>\t\t\t\t<div class=\"flex_column av_four_fifth  flex_column_table_cell av-equal-height-column av-align-middle av-zero-column-padding first  avia-builder-el-3  el_after_av_heading  el_before_av_one_fifth   \"><section class=\"av_textblock_section \"><div class=\"avia_textblock  \"><h2>SAU S.p.A. est une entreprise m\u00e9tallurgique et m\u00e9canique de pr\u00e9cision fond\u00e9e \u00e0 Polinago (MO) en 1982, sp\u00e9cialis\u00e9e dans la construction d\u2019outils, r\u00e9put\u00e9e au niveau global pour l\u2019excellence de ses produits.<\/h2><\/div><\/section><section class=\"av_textblock_section \"><div class=\"avia_textblock  \"><p>N\u00e9e en 1982 comme entreprise de service et de support \u00e0 la commercialisation de produits d\u2019outillages standard, tr\u00e8s rapidement SAU S.p.A. s\u2019est transform\u00e9e en une vraie entit\u00e9 de production et conception autonome.<\/p><p>C\u2019est gr\u00e2ce \u00e0 l\u2019engagement important et constant d\u00e9ploy\u00e9 par toute l\u2019\u00e9quipe, que SAU S.p.A. a obtenu d\u2019excellents r\u00e9sultats en chiffre d\u2019affaires comme sur le plan de sa pr\u00e9sence sur le march\u00e9 int\u00e9rieur et international. Flexibilit\u00e9 de production, qualit\u00e9, disponibilit\u00e9 de produit, rapidit\u00e9 de service et gammes de produit de plus en plus compl\u00e8tes, font de SAU S.p.A. une r\u00e9alit\u00e9 de production et d\u2019entrepreneurs tout \u00e0 fait fiable et solide, \u00e0 laquelle s\u2019adresser au lieu des grands leaders de secteur.<\/p><\/div><\/section><\/div>\t\t\t\t\t\t<\/div>\n\t\t\t\t<\/div>\n\t\t\t\t\t<\/div>\n\t\t<\/div>\n\t\t\t\t\t\t\t<\/div>\n\t\t<\/section>\n\t\t\t\t<section class=\"elementor-section elementor-top-section elementor-element elementor-element-be6e0b3 elementor-section-boxed elementor-section-height-default elementor-section-height-default\" data-id=\"be6e0b3\" data-element_type=\"section\">\n\t\t\t\t\t\t<div class=\"elementor-container elementor-column-gap-default\">\n\t\t\t\t\t<div class=\"elementor-column elementor-col-100 elementor-top-column elementor-element elementor-element-175d1a0\" data-id=\"175d1a0\" data-element_type=\"column\">\n\t\t\t<div class=\"elementor-widget-wrap elementor-element-populated\">\n\t\t\t\t\t\t\t\t<div class=\"elementor-element elementor-element-fe1ed9c elementor-widget elementor-widget-image\" data-id=\"fe1ed9c\" data-element_type=\"widget\" data-widget_type=\"image.default\">\n\t\t\t\t<div class=\"elementor-widget-container\">\n\t\t\t\t\t\t\t\t\t\t\t\t\t\t\t<img width=\"1024\" height=\"498\" src=\"https:\/\/ms-outillage.fr\/wp-content\/uploads\/2022\/07\/punti_forza_grande_1b-1500x730-1-1024x498.jpg\" class=\"attachment-large size-large\" alt=\"\" loading=\"lazy\" srcset=\"https:\/\/ms-outillage.fr\/wp-content\/uploads\/2022\/07\/punti_forza_grande_1b-1500x730-1-1024x498.jpg 1024w, https:\/\/ms-outillage.fr\/wp-content\/uploads\/2022\/07\/punti_forza_grande_1b-1500x730-1-300x146.jpg 300w, https:\/\/ms-outillage.fr\/wp-content\/uploads\/2022\/07\/punti_forza_grande_1b-1500x730-1-768x374.jpg 768w, https:\/\/ms-outillage.fr\/wp-content\/uploads\/2022\/07\/punti_forza_grande_1b-1500x730-1.jpg 1500w\" sizes=\"100vw\" \/>\t\t\t\t\t\t\t\t\t\t\t\t\t\t\t<\/div>\n\t\t\t\t<\/div>\n\t\t\t\t\t<\/div>\n\t\t<\/div>\n\t\t\t\t\t\t\t<\/div>\n\t\t<\/section>\n\t\t\t\t\t\t\t<\/div>\n\t\t","protected":false},"excerpt":{"rendered":"<p>ALESOIRS BROCHAGE DINAPLUS FRAISES PORTE OUTILS MULTI TOOL PORTE-OUTILS TOURNAGE MINI TOOL SAU S.p.A. est une entreprise m\u00e9tallurgique et m\u00e9canique &hellip; <a href=\"https:\/\/ms-outillage.fr\/index.php\/sau\/\" class=\"more-link\"><span class=\"more-button\">Continue reading &gt;<span class=\"screen-reader-text\">SAU<\/span><\/span><\/a><\/p>\n","protected":false},"author":3,"featured_media":0,"parent":0,"menu_order":0,"comment_status":"closed","ping_status":"closed","template":"","meta":{"_mi_skip_tracking":false,"_monsterinsights_sitenote_active":false,"_monsterinsights_sitenote_note":"","_monsterinsights_sitenote_category":0},"aioseo_notices":[],"yoast_head":"<!-- This site is optimized with the Yoast SEO plugin v19.4 - https:\/\/yoast.com\/wordpress\/plugins\/seo\/ -->\n<title>SAU - MS OUTILLAGE<\/title>\n<meta name=\"robots\" content=\"index, follow, max-snippet:-1, max-image-preview:large, max-video-preview:-1\" \/>\n<link rel=\"canonical\" href=\"https:\/\/ms-outillage.fr\/index.php\/sau\/\" \/>\n<meta property=\"og:locale\" content=\"en_US\" \/>\n<meta property=\"og:type\" content=\"article\" \/>\n<meta property=\"og:title\" content=\"SAU - MS OUTILLAGE\" \/>\n<meta property=\"og:description\" content=\"ALESOIRS BROCHAGE DINAPLUS FRAISES PORTE OUTILS MULTI TOOL PORTE-OUTILS TOURNAGE MINI TOOL SAU S.p.A. est une entreprise m\u00e9tallurgique et m\u00e9canique &hellip; Continue reading &gt;SAU\" \/>\n<meta property=\"og:url\" content=\"https:\/\/ms-outillage.fr\/index.php\/sau\/\" \/>\n<meta property=\"og:site_name\" content=\"MS OUTILLAGE\" \/>\n<meta property=\"article:modified_time\" content=\"2023-03-14T15:02:01+00:00\" \/>\n<meta property=\"og:image\" content=\"https:\/\/ms-outillage.fr\/wp-content\/uploads\/2022\/07\/Sau-Modena-Gallery-4-1030x689-1-1024x685.jpg\" \/>\n<meta name=\"twitter:card\" content=\"summary_large_image\" \/>\n<meta name=\"twitter:label1\" content=\"Est. reading time\" \/>\n\t<meta name=\"twitter:data1\" content=\"2 minutes\" \/>\n<script type=\"application\/ld+json\" class=\"yoast-schema-graph\">{\"@context\":\"https:\/\/schema.org\",\"@graph\":[{\"@type\":\"Organization\",\"@id\":\"https:\/\/ms-outillage.fr\/#organization\",\"name\":\"MS OUTILLAGE\",\"url\":\"https:\/\/ms-outillage.fr\/\",\"sameAs\":[],\"logo\":{\"@type\":\"ImageObject\",\"inLanguage\":\"en-US\",\"@id\":\"https:\/\/ms-outillage.fr\/#\/schema\/logo\/image\/\",\"url\":\"https:\/\/ms-outillage.fr\/wp-content\/uploads\/2021\/07\/cropped-MSO-logo-black-1-scaled-1.jpg\",\"contentUrl\":\"https:\/\/ms-outillage.fr\/wp-content\/uploads\/2021\/07\/cropped-MSO-logo-black-1-scaled-1.jpg\",\"width\":512,\"height\":512,\"caption\":\"MS OUTILLAGE\"},\"image\":{\"@id\":\"https:\/\/ms-outillage.fr\/#\/schema\/logo\/image\/\"}},{\"@type\":\"WebSite\",\"@id\":\"https:\/\/ms-outillage.fr\/#website\",\"url\":\"https:\/\/ms-outillage.fr\/\",\"name\":\"MS OUTILLAGE\",\"description\":\"L&#039;usinage sous toutes ses formes\",\"publisher\":{\"@id\":\"https:\/\/ms-outillage.fr\/#organization\"},\"potentialAction\":[{\"@type\":\"SearchAction\",\"target\":{\"@type\":\"EntryPoint\",\"urlTemplate\":\"https:\/\/ms-outillage.fr\/?s={search_term_string}\"},\"query-input\":\"required name=search_term_string\"}],\"inLanguage\":\"en-US\"},{\"@type\":\"WebPage\",\"@id\":\"https:\/\/ms-outillage.fr\/index.php\/sau\/\",\"url\":\"https:\/\/ms-outillage.fr\/index.php\/sau\/\",\"name\":\"SAU - MS OUTILLAGE\",\"isPartOf\":{\"@id\":\"https:\/\/ms-outillage.fr\/#website\"},\"datePublished\":\"2022-07-15T07:23:12+00:00\",\"dateModified\":\"2023-03-14T15:02:01+00:00\",\"breadcrumb\":{\"@id\":\"https:\/\/ms-outillage.fr\/index.php\/sau\/#breadcrumb\"},\"inLanguage\":\"en-US\",\"potentialAction\":[{\"@type\":\"ReadAction\",\"target\":[\"https:\/\/ms-outillage.fr\/index.php\/sau\/\"]}]},{\"@type\":\"BreadcrumbList\",\"@id\":\"https:\/\/ms-outillage.fr\/index.php\/sau\/#breadcrumb\",\"itemListElement\":[{\"@type\":\"ListItem\",\"position\":1,\"name\":\"Accueil\",\"item\":\"https:\/\/ms-outillage.fr\/\"},{\"@type\":\"ListItem\",\"position\":2,\"name\":\"SAU\"}]}]}<\/script>\n<!-- \/ Yoast SEO plugin. -->","yoast_head_json":{"title":"SAU - MS OUTILLAGE","robots":{"index":"index","follow":"follow","max-snippet":"max-snippet:-1","max-image-preview":"max-image-preview:large","max-video-preview":"max-video-preview:-1"},"canonical":"https:\/\/ms-outillage.fr\/index.php\/sau\/","og_locale":"en_US","og_type":"article","og_title":"SAU - MS OUTILLAGE","og_description":"ALESOIRS BROCHAGE DINAPLUS FRAISES PORTE OUTILS MULTI TOOL PORTE-OUTILS TOURNAGE MINI TOOL SAU S.p.A. est une entreprise m\u00e9tallurgique et m\u00e9canique &hellip; Continue reading &gt;SAU","og_url":"https:\/\/ms-outillage.fr\/index.php\/sau\/","og_site_name":"MS OUTILLAGE","article_modified_time":"2023-03-14T15:02:01+00:00","og_image":[{"url":"https:\/\/ms-outillage.fr\/wp-content\/uploads\/2022\/07\/Sau-Modena-Gallery-4-1030x689-1-1024x685.jpg"}],"twitter_card":"summary_large_image","twitter_misc":{"Est. reading time":"2 minutes"},"schema":{"@context":"https:\/\/schema.org","@graph":[{"@type":"Organization","@id":"https:\/\/ms-outillage.fr\/#organization","name":"MS OUTILLAGE","url":"https:\/\/ms-outillage.fr\/","sameAs":[],"logo":{"@type":"ImageObject","inLanguage":"en-US","@id":"https:\/\/ms-outillage.fr\/#\/schema\/logo\/image\/","url":"https:\/\/ms-outillage.fr\/wp-content\/uploads\/2021\/07\/cropped-MSO-logo-black-1-scaled-1.jpg","contentUrl":"https:\/\/ms-outillage.fr\/wp-content\/uploads\/2021\/07\/cropped-MSO-logo-black-1-scaled-1.jpg","width":512,"height":512,"caption":"MS OUTILLAGE"},"image":{"@id":"https:\/\/ms-outillage.fr\/#\/schema\/logo\/image\/"}},{"@type":"WebSite","@id":"https:\/\/ms-outillage.fr\/#website","url":"https:\/\/ms-outillage.fr\/","name":"MS OUTILLAGE","description":"L&#039;usinage sous toutes ses formes","publisher":{"@id":"https:\/\/ms-outillage.fr\/#organization"},"potentialAction":[{"@type":"SearchAction","target":{"@type":"EntryPoint","urlTemplate":"https:\/\/ms-outillage.fr\/?s={search_term_string}"},"query-input":"required name=search_term_string"}],"inLanguage":"en-US"},{"@type":"WebPage","@id":"https:\/\/ms-outillage.fr\/index.php\/sau\/","url":"https:\/\/ms-outillage.fr\/index.php\/sau\/","name":"SAU - MS OUTILLAGE","isPartOf":{"@id":"https:\/\/ms-outillage.fr\/#website"},"datePublished":"2022-07-15T07:23:12+00:00","dateModified":"2023-03-14T15:02:01+00:00","breadcrumb":{"@id":"https:\/\/ms-outillage.fr\/index.php\/sau\/#breadcrumb"},"inLanguage":"en-US","potentialAction":[{"@type":"ReadAction","target":["https:\/\/ms-outillage.fr\/index.php\/sau\/"]}]},{"@type":"BreadcrumbList","@id":"https:\/\/ms-outillage.fr\/index.php\/sau\/#breadcrumb","itemListElement":[{"@type":"ListItem","position":1,"name":"Accueil","item":"https:\/\/ms-outillage.fr\/"},{"@type":"ListItem","position":2,"name":"SAU"}]}]}},"_links":{"self":[{"href":"https:\/\/ms-outillage.fr\/index.php\/wp-json\/wp\/v2\/pages\/715"}],"collection":[{"href":"https:\/\/ms-outillage.fr\/index.php\/wp-json\/wp\/v2\/pages"}],"about":[{"href":"https:\/\/ms-outillage.fr\/index.php\/wp-json\/wp\/v2\/types\/page"}],"author":[{"embeddable":true,"href":"https:\/\/ms-outillage.fr\/index.php\/wp-json\/wp\/v2\/users\/3"}],"replies":[{"embeddable":true,"href":"https:\/\/ms-outillage.fr\/index.php\/wp-json\/wp\/v2\/comments?post=715"}],"version-history":[{"count":16,"href":"https:\/\/ms-outillage.fr\/index.php\/wp-json\/wp\/v2\/pages\/715\/revisions"}],"predecessor-version":[{"id":1417,"href":"https:\/\/ms-outillage.fr\/index.php\/wp-json\/wp\/v2\/pages\/715\/revisions\/1417"}],"wp:attachment":[{"href":"https:\/\/ms-outillage.fr\/index.php\/wp-json\/wp\/v2\/media?parent=715"}],"curies":[{"name":"wp","href":"https:\/\/api.w.org\/{rel}","templated":true}]}}